{"id":866,"date":"2025-07-10T13:16:56","date_gmt":"2025-07-10T11:16:56","guid":{"rendered":"https:\/\/csi-dijon.fr\/?page_id=866"},"modified":"2025-07-10T13:16:56","modified_gmt":"2025-07-10T11:16:56","slug":"mentions-legales","status":"publish","type":"page","link":"https:\/\/csi-dijon.fr\/index.php\/mentions-legales\/","title":{"rendered":"Mentions l\u00e9gales"},"content":{"rendered":"\n<p><strong>CENTRES DE SOINS INFIRMIERS<\/strong> &#8211; 89 avenue du Lac &#8211; 21000 DIJON<\/p>\n\n\n\n<h3 class=\"wp-block-heading\">\u00c9diteur du site<\/h3>\n\n\n\n<p><strong>Nom de la soci\u00e9t\u00e9 : <\/strong>CENTRES DE SOINS INFIRMIERS<br><strong>Adresse : <\/strong>89 avenue du Lac &#8211; 21000 DIJON<br><strong>T\u00e9l\u00e9phone :<\/strong> 03 80 41 66 66<br><strong>Adresse \u00e9lectronique : <\/strong>association@csi-dijon.fr<br><strong>Directeur de la publication : <\/strong>DIOT Odile<br><strong>Responsable de la publication<\/strong> : SALTARELLI Olivier<\/p>\n\n\n\n<h3 class=\"wp-block-heading\">H\u00e9bergeur<\/h3>\n\n\n\n<p><strong>Nom de l&rsquo;h\u00e9bergeur :<\/strong> OVH (<a href=\"https:\/\/www.ovh.com\" target=\"_blank\" rel=\"noreferrer noopener\">www.ovh.com<\/a>)<br><strong>D\u00e9nomination sociale de l&rsquo;h\u00e9bergeur :<\/strong> OVH<br><strong>Adresse de l\u2019h\u00e9bergeur :<\/strong> 2 rue Kellermann &#8211; 59100 Roubaix &#8211; France<\/p>\n\n\n\n<h3 class=\"wp-block-heading\">Protection des donn\u00e9es personnelles<\/h3>\n\n\n\n<p>La collecte et le traitement de vos donn\u00e9es personnelles sont conformes au r\u00e8glement g\u00e9n\u00e9ral sur la protection des donn\u00e9es (RGPD) et \u00e0 la loi Informatique et Libert\u00e9s. Vous disposez d\u2019un droit d\u2019acc\u00e8s, de rectification, d\u2019opposition, de suppression et de portabilit\u00e9 de vos donn\u00e9es personnelles. Pour exercer ces droits, adressez-vous par : Email \u00e0 <strong>association@csi-dijon.fr<\/strong> ou par courrier postale envoy\u00e9 \u00e0 <strong>CENTRES DE SOINS INFIRMIERS &#8211; 89 avenue du Lac &#8211; 21000 DIJON<\/strong><\/p>\n\n\n\n<h3 class=\"wp-block-heading\">Propri\u00e9t\u00e9 intellectuelle<\/h3>\n\n\n\n<p>L\u2019ensemble de ce site rel\u00e8ve de la l\u00e9gislation fran\u00e7aise et internationale sur le droit d\u2019auteur et la propri\u00e9t\u00e9 intellectuelle. Tous les droits de reproduction sont r\u00e9serv\u00e9s, y compris pour les documents t\u00e9l\u00e9chargeables et les repr\u00e9sentations iconographiques et photographiques.<\/p>\n\n\n\n<h3 class=\"wp-block-heading\">Limitation de responsabilit\u00e9<\/h3>\n\n\n\n<p><strong><strong>CENTRES DE SOINS INFIRMIERS<\/strong><\/strong> ne saurait \u00eatre tenu responsable des erreurs rencontr\u00e9es sur le site, probl\u00e8mes techniques, interpr\u00e9tation des informations publi\u00e9es et cons\u00e9quences de leur utilisation. En cons\u00e9quence, l\u2019utilisateur reconna\u00eet utiliser ces informations sous sa responsabilit\u00e9 exclusive.<br><strong>CENTRES DE SOINS INFIRMIERS<\/strong> d\u00e9cline toute responsabilit\u00e9 quant \u00e0 l\u2019utilisation qui pourrait \u00eatre faite des informations et contenus pr\u00e9sents sur <a href=\"http:\/\/www.csi-dijon.fr\">www.csi-dijon.fr<\/a>.<br><strong><strong>CENTRES DE SOINS INFIRMIERS<\/strong><\/strong> s\u2019engage \u00e0 s\u00e9curiser au mieux le site <a href=\"http:\/\/www.csi-dijon.fr\"><a href=\"http:\/\/www.csi-dijon.fr\">www.csi-dijon.fr<\/a><\/a>, cependant sa responsabilit\u00e9 ne pourra \u00eatre mise en cause si des donn\u00e9es ind\u00e9sirables sont import\u00e9es et install\u00e9es sur son site \u00e0 son insu.<br>Des espaces interactifs (espace contact ou commentaires) sont \u00e0 la disposition des utilisateurs. <strong><strong>CENTRES DE SOINS INFIRMIERS<\/strong><\/strong> se r\u00e9serve le droit de supprimer, sans mise en demeure pr\u00e9alable, tout contenu d\u00e9pos\u00e9 dans cet espace qui contreviendrait \u00e0 la l\u00e9gislation applicable en France, en particulier aux dispositions relatives \u00e0 la protection des donn\u00e9es.<br>Le cas \u00e9ch\u00e9ant, <strong>CENTRES DE SOINS INFIRMIERS<\/strong> se r\u00e9serve \u00e9galement la possibilit\u00e9 de mettre en cause la responsabilit\u00e9 civile et\/ou p\u00e9nale de l\u2019utilisateur, notamment en cas de message \u00e0 caract\u00e8re raciste, injurieux, diffamant, ou pornographique, quel que soit le support utilis\u00e9 (texte, photographie \u2026).<\/p>\n\n\n\n<h3 class=\"wp-block-heading\">CNIL et gestion des donn\u00e9es personnelles<\/h3>\n\n\n\n<p>Conform\u00e9ment aux dispositions de la loi 78-17 du 6 janvier 1978 modifi\u00e9e, l\u2019utilisateur du site <a href=\"http:\/\/www.csi-dijon.fr\"><a href=\"http:\/\/www.csi-dijon.fr\">www.csi-dijon.fr<\/a><\/a> dispose d\u2019un droit d\u2019acc\u00e8s, de modification et de suppression des informations collect\u00e9es. Pour exercer ce droit, envoyez un message \u00e0 notre D\u00e9l\u00e9gu\u00e9 \u00e0 la Protection des Donn\u00e9es : LOUAT Fabrice &#8211; fabrice.louat@csi-dijon.fr.<\/p>\n\n\n\n<h3 class=\"wp-block-heading\">Liens hypertextes et cookies<\/h3>\n\n\n\n<p>Le site <a href=\"http:\/\/www.csi-dijon.fr\"><a href=\"http:\/\/www.csi-dijon.fr\">www.csi-dijon.fr<\/a><\/a> contient des liens hypertextes vers d\u2019autres sites et d\u00e9gage toute responsabilit\u00e9 \u00e0 propos de ces liens externes ou des liens cr\u00e9\u00e9s par d\u2019autres sites vers <a href=\"http:\/\/www.csi-dijon.fr\"><a href=\"http:\/\/www.csi-dijon.fr\">www.csi-dijon.fr<\/a><\/a>.<br>La navigation sur le site <a href=\"http:\/\/www.csi-dijon.fr\"><a href=\"http:\/\/www.csi-dijon.fr\">www.csi-dijon.fr<\/a><\/a> est susceptible de provoquer l\u2019installation de cookie(s) sur l\u2019ordinateur de l\u2019utilisateur.<br>Un \u00a0\u00bbcookie\u00a0\u00bb est un fichier de petite taille qui enregistre des informations relatives \u00e0 la navigation d\u2019un utilisateur sur un site. Les donn\u00e9es ainsi obtenues permettent d&rsquo;obtenir des mesures de fr\u00e9quentation, par exemple.<br>Vous avez la possibilit\u00e9 d\u2019accepter ou de refuser les cookies en modifiant les param\u00e8tres de votre navigateur. Aucun cookie ne sera d\u00e9pos\u00e9 sans votre consentement.<br>Les cookies sont enregistr\u00e9s pour une dur\u00e9e maximale de 1 mois.<\/p>\n\n\n\n<p><\/p>\n","protected":false},"excerpt":{"rendered":"<p>CENTRES DE SOINS INFIRMIERS &#8211; 89 avenue du Lac &#8211; 21000 DIJON \u00c9diteur du site Nom de la soci\u00e9t\u00e9 : CENTRES DE SOINS INFIRMIERSAdresse : 89 avenue du Lac &#8211; 21000 DIJONT\u00e9l\u00e9phone : 03 80 41 66 66Adresse \u00e9lectronique : association@csi-dijon.frDirecteur de la publication : DIOT OdileResponsable de la publication : SALTARELLI Olivier H\u00e9bergeur Nom [&hellip;]<\/p>\n","protected":false},"author":2,"featured_media":0,"parent":0,"menu_order":0,"comment_status":"closed","ping_status":"closed","template":"","meta":{"footnotes":""},"class_list":["post-866","page","type-page","status-publish","hentry"],"_links":{"self":[{"href":"https:\/\/csi-dijon.fr\/index.php\/wp-json\/wp\/v2\/pages\/866","targetHints":{"allow":["GET"]}}],"collection":[{"href":"https:\/\/csi-dijon.fr\/index.php\/wp-json\/wp\/v2\/pages"}],"about":[{"href":"https:\/\/csi-dijon.fr\/index.php\/wp-json\/wp\/v2\/types\/page"}],"author":[{"embeddable":true,"href":"https:\/\/csi-dijon.fr\/index.php\/wp-json\/wp\/v2\/users\/2"}],"replies":[{"embeddable":true,"href":"https:\/\/csi-dijon.fr\/index.php\/wp-json\/wp\/v2\/comments?post=866"}],"version-history":[{"count":0,"href":"https:\/\/csi-dijon.fr\/index.php\/wp-json\/wp\/v2\/pages\/866\/revisions"}],"wp:attachment":[{"href":"https:\/\/csi-dijon.fr\/index.php\/wp-json\/wp\/v2\/media?parent=866"}],"curies":[{"name":"wp","href":"https:\/\/api.w.org\/{rel}","templated":true}]}}