{"id":114,"date":"2020-10-06T10:28:23","date_gmt":"2020-10-06T08:28:23","guid":{"rendered":"http:\/\/csi-dijon.fr\/?page_id=114"},"modified":"2023-03-23T17:28:34","modified_gmt":"2023-03-23T16:28:34","slug":"prevention","status":"publish","type":"page","link":"https:\/\/csi-dijon.fr\/index.php\/prevention\/","title":{"rendered":"Pr\u00e9vention"},"content":{"rendered":"<div data-colibri-id=\"114-c1\" class=\"style-697 style-local-114-c1 position-relative\">\n  <!---->\n  <div data-colibri-component=\"section\" data-colibri-id=\"114-c2\" id=\"initial-content\" class=\"h-section h-section-global-spacing d-flex align-items-lg-center align-items-md-center align-items-center style-698 style-local-114-c2 position-relative\">\n    <!---->\n    <!---->\n    <div class=\"h-section-grid-container h-section-boxed-container\">\n      <!---->\n      <div data-colibri-id=\"114-c3\" class=\"h-row-container gutters-row-lg-0 gutters-row-md-0 gutters-row-0 gutters-row-v-lg-0 gutters-row-v-md-0 gutters-row-v-0 style-699 style-local-114-c3 position-relative\">\n        <!---->\n        <div class=\"h-row justify-content-lg-center justify-content-md-center justify-content-center align-items-lg-stretch align-items-md-stretch align-items-stretch gutters-col-lg-0 gutters-col-md-0 gutters-col-0 gutters-col-v-lg-0 gutters-col-v-md-0 gutters-col-v-0\">\n          <!---->\n          <div class=\"h-column h-column-container d-flex h-col-lg-auto h-col-md-auto h-col-auto style-700-outer style-local-114-c4-outer\">\n            <div data-colibri-id=\"114-c4\" class=\"d-flex h-flex-basis h-column__inner h-px-lg-0 h-px-md-0 h-px-0 v-inner-lg-0 v-inner-md-0 v-inner-0 style-700 style-local-114-c4 position-relative\">\n              <!---->\n              <!---->\n              <div class=\"w-100 h-y-container h-column__content h-column__v-align flex-basis-100 align-self-lg-start align-self-md-start align-self-start\">\n                <!---->\n                <div data-colibri-id=\"114-c7\" class=\"h-text h-text-component style-703 style-local-114-c7 position-relative h-element\">\n                  <!---->\n                  <!---->\n                  <div class=\"\">\n                    <ul>\n                      <li><span style=\"font-weight: 600; color: rgb(255, 144, 0);\">Dans le cadre des politiques publiques de Sant\u00e9<\/span><\/li>\n                      <li class=\"ql-indent-1\">Programme National Nutrition sant\u00e9 (PNNS, \u00ab&nbsp;Manger Bouger&nbsp;\u00bb),<\/li>\n                      <li class=\"ql-indent-1\">Programme r\u00e9gional d\u2019acc\u00e8s \u00e0 la pr\u00e9vention et aux soins (PRAPS) pilot\u00e9 par l\u2019ARS,<\/li>\n                      <li class=\"ql-indent-1\">Politique de la ville (Quartier de Fontaine d\u2019Ouche et des Gr\u00e9silles),<\/li>\n                    <\/ul>\n                    <p>En partenariat avec les acteurs locaux, des <strong>actions de pr\u00e9vention sont anim\u00e9s par des infirmi\u00e8res.<\/strong>\n                      <br>Elles s\u2019adressent \u00e0 des petits groupes d\u2019une douzaine de personnes afin de&nbsp;:<\/p>\n                    <ul>\n                      <li class=\"ql-indent-1\">Informer et sensibiliser \u00e0 l\u2019importance de l\u2019alimentation et \u00e0 l\u2019activit\u00e9 physique pour rester en bonne sant\u00e9,<\/li>\n                      <li class=\"ql-indent-1\">Apporter des informations sur des questions de sant\u00e9 (en lien avec l&rsquo;actualit\u00e9),<\/li>\n                      <li class=\"ql-indent-1\">Pr\u00e9venir des risques d\u2019accidents domestiques,<\/li>\n                      <li class=\"ql-indent-1\">Initier aux gestes de premiers secours.<\/li>\n                    <\/ul>\n                    <p><span style=\"color: rgb(255, 144, 0);\">Dans le cadre du \u00ab&nbsp;<\/span><strong style=\"color: rgb(255, 144, 0);\">Programme R\u00e9ussite Educative&nbsp;\u00bb<\/strong><span style=\"color: rgb(255, 144, 0);\"> (PRE)<\/span>\n                      <br>\u00e0 l\u2019initiative de la ville de DIJON&nbsp;et en partenariat avec le r\u00e9seau REPPOP (R\u00e9seau de pr\u00e9vention et de prise en charge de l\u2019Ob\u00e9sit\u00e9 P\u00e9diatrique) : <span style=\"color: rgb(255, 144, 0);\">suivis d\u2019enfants et adolescents en surpoids<\/span><\/p>\n                    <ul>\n                      <li>Participation aux animations <strong>d\u2019Octobre Rose<\/strong> (Information sur le cancer du sein)<\/li>\n                    <\/ul>\n                    <p>\n                      <br>\n                    <\/p>\n                  <\/div>\n                <\/div>\n              <\/div>\n            <\/div>\n          <\/div>\n        <\/div>\n      <\/div>\n    <\/div>\n  <\/div>\n<\/div>","protected":false},"excerpt":{"rendered":"<p>Dans le cadre des politiques publiques de Sant\u00e9 Programme National Nutrition sant\u00e9 (PNNS, \u00ab&nbsp;Manger Bouger&nbsp;\u00bb), Programme r\u00e9gional d\u2019acc\u00e8s \u00e0 la pr\u00e9vention et aux soins (PRAPS) pilot\u00e9 par l\u2019ARS, Politique de la ville (Quartier de Fontaine d\u2019Ouche et des Gr\u00e9silles), En partenariat avec les acteurs locaux, des actions de pr\u00e9vention sont anim\u00e9s par des infirmi\u00e8res. Elles [&hellip;]<\/p>\n","protected":false},"author":1,"featured_media":0,"parent":0,"menu_order":4,"comment_status":"closed","ping_status":"closed","template":"page-templates\/full-width-page.php","meta":{"footnotes":""},"class_list":["post-114","page","type-page","status-publish","hentry"],"_links":{"self":[{"href":"https:\/\/csi-dijon.fr\/index.php\/wp-json\/wp\/v2\/pages\/114","targetHints":{"allow":["GET"]}}],"collection":[{"href":"https:\/\/csi-dijon.fr\/index.php\/wp-json\/wp\/v2\/pages"}],"about":[{"href":"https:\/\/csi-dijon.fr\/index.php\/wp-json\/wp\/v2\/types\/page"}],"author":[{"embeddable":true,"href":"https:\/\/csi-dijon.fr\/index.php\/wp-json\/wp\/v2\/users\/1"}],"replies":[{"embeddable":true,"href":"https:\/\/csi-dijon.fr\/index.php\/wp-json\/wp\/v2\/comments?post=114"}],"version-history":[{"count":2,"href":"https:\/\/csi-dijon.fr\/index.php\/wp-json\/wp\/v2\/pages\/114\/revisions"}],"predecessor-version":[{"id":525,"href":"https:\/\/csi-dijon.fr\/index.php\/wp-json\/wp\/v2\/pages\/114\/revisions\/525"}],"wp:attachment":[{"href":"https:\/\/csi-dijon.fr\/index.php\/wp-json\/wp\/v2\/media?parent=114"}],"curies":[{"name":"wp","href":"https:\/\/api.w.org\/{rel}","templated":true}]}}