{"id":111,"date":"2020-10-06T10:26:17","date_gmt":"2020-10-06T08:26:17","guid":{"rendered":"http:\/\/csi-dijon.fr\/?page_id=111"},"modified":"2025-12-10T17:19:20","modified_gmt":"2025-12-10T16:19:20","slug":"personnes-agees-et-personnes-en-situation-de-handicap","status":"publish","type":"page","link":"https:\/\/csi-dijon.fr\/index.php\/personnes-agees-et-personnes-en-situation-de-handicap\/","title":{"rendered":"SAD &#8211; Service Autonomie \u00e0 Domicile"},"content":{"rendered":"<div data-colibri-id=\"111-c1\" class=\"style-688 style-local-111-c1 position-relative\">\r\n  <!---->\r\n  <div data-colibri-component=\"section\" data-colibri-id=\"111-c2\" id=\"initial-content\" class=\"h-section h-section-global-spacing d-flex align-items-lg-start align-items-md-start align-items-start style-689 style-local-111-c2 position-relative\">\r\n    <!---->\r\n    <!---->\r\n    <div class=\"h-section-grid-container h-section-boxed-container\">\r\n      <!---->\r\n      <div data-colibri-id=\"111-c3\" class=\"h-row-container gutters-row-lg-0 gutters-row-md-0 gutters-row-0 gutters-row-v-lg-0 gutters-row-v-md-0 gutters-row-v-0 style-690 style-local-111-c3 position-relative\">\r\n        <!---->\r\n        <div class=\"h-row justify-content-lg-start justify-content-md-start justify-content-start align-items-lg-stretch align-items-md-stretch align-items-stretch gutters-col-lg-0 gutters-col-md-0 gutters-col-0 gutters-col-v-lg-0 gutters-col-v-md-0 gutters-col-v-0\">\r\n          <!---->\r\n          <div class=\"h-column h-column-container d-flex h-col-lg-auto h-col-md-auto h-col-auto style-693-outer style-local-111-c4-outer\">\r\n            <div data-colibri-id=\"111-c4\" class=\"d-flex h-flex-basis h-column__inner h-px-lg-0 h-px-md-0 h-px-0 v-inner-lg-0 v-inner-md-0 v-inner-0 style-693 style-local-111-c4 position-relative\">\r\n              <!---->\r\n              <!---->\r\n              <div class=\"w-100 h-y-container h-column__content h-column__v-align flex-basis-100 align-self-lg-start align-self-md-start align-self-start\">\r\n                <!---->\r\n                <div data-colibri-id=\"111-c5\" class=\"h-lead h-text h-text-component style-694 style-local-111-c5 position-relative h-element\">\r\n                  <!---->\r\n                  <!---->\r\n                  <div class=\"\">\r\n                    <p><strong>Vous demeurez \u00e0 <\/strong>:<\/p>\r\n                    <p><span style=\"font-weight: 400; font-size: 98%; font-family: Open Sans; color: rgb(41, 133, 231);\">Dijon, Chen\u00f4ve, Plombi\u00e8re-l\u00e8s-Dijon, Fontaine-l\u00e8s-Dijon, Talant, Velars-sur-Ouche, Fleurey-sur-Ouche, Corcelles-les-Monts, Flavignerot, Lantenay<\/span><\/p>\r\n                    <p><strong>Vous \u00eates&nbsp;:<\/strong><\/p>\r\n                    <ul>\r\n                      <li><strong>D\u00e9pendants ou malades \u00e2g\u00e9s de 60 ans et plus<\/strong><\/li>\r\n                      <li><strong>En situation de handicap \u00e2g\u00e9s de plus de 18 ans<\/strong><\/li>\r\n                    <\/ul>\r\n                    <p>\r\n                      <br>\r\n                    <\/p>\r\n                  <\/div>\r\n                <\/div>\r\n                <div data-colibri-id=\"111-c6\" class=\"h-text h-text-component style-695 style-local-111-c6 position-relative h-element\">\r\n                  <!---->\r\n                  <!---->\r\n                  <div class=\"\">\r\n                    <p><strong>SAD&nbsp;: 89 Avenue du Lac \u2013 21000 DIJON<\/strong><\/p>\r\n                    <ul>\r\n                      <li><strong style=\"color: rgb(0, 0, 0);\">S<\/strong><span style=\"color: rgb(0, 0, 0);\">ervice <\/span><strong style=\"color: rgb(0, 0, 0);\">A<\/strong><span style=\"color: rgb(0, 0, 0);\">utonomie \u00e0&nbsp;<\/span><strong style=\"color: rgb(0, 0, 0);\">D<\/strong>\r\n                        <span\r\n                          style=\"color: rgb(0, 0, 0);\">omicile (<\/span><strong style=\"color: rgb(0, 0, 0);\">SAD<\/strong><span style=\"color: rgb(0, 0, 0);\">)<\/span><\/li>\r\n                    <\/ul>\r\n                    <p>\r\n                      <br>\r\n                    <\/p>\r\n                  <\/div>\r\n                <\/div>\r\n                <div data-colibri-id=\"111-c7\" class=\"h-text h-text-component style-696 style-local-111-c7 position-relative h-element\">\r\n                  <!---->\r\n                  <!---->\r\n                  <div class=\"\">\r\n                    <p><strong>Nous vous proposons&nbsp;: <\/strong><\/p>\r\n                    <ul>\r\n                      <li><strong style=\"color: rgb(255, 144, 0);\">Des soins infirmiers&nbsp;: techniques, d\u2019hygi\u00e8ne et de confort sur prescription m\u00e9dicale<\/strong>\r\n                        <br>Soins Infirmiers effectu\u00e9s par des infirmiers(\u00e8res), des Aides-soignants(tes), des Assistants(tes) en soins G\u00e9rontologiques.<\/li>\r\n                      <li><strong style=\"color: rgb(255, 144, 0);\">Un service d\u2019Aide et d\u2019Accompagnement pour les actes de la vie quotidienne en partenariat avec VYV Domicile<\/strong>\r\n                        <br>(M\u00e9nage, repassage, courses, sorties\u2026)\r\n                        <br>Les aides sont effectu\u00e9es par des Auxiliaires de Vie Sociale et Aide \u00e0 Domicile.<\/li>\r\n                      <li><strong style=\"color: rgb(255, 144, 0);\">Des activit\u00e9s de pr\u00e9vention individuelles&nbsp;personnalis\u00e9es<\/strong><span style=\"color: rgb(255, 144, 0);\"> et\/ou collectives<\/span>\r\n                        <br>Entretien de la mobilit\u00e9, travail autour de la m\u00e9moire, de la nutrition\u2026<\/li>\r\n                    <\/ul>\r\n                    <p><span style=\"font-weight: 600;\">OBJECTIFS&nbsp;:<\/span><\/p>\r\n                    <ul>\r\n                      <li class=\"ql-indent-1\">Proposer des prestations de soins infirmiers <strong>sur prescription m\u00e9dicale<\/strong>, contribuant au maintien \u00e0 domicile des personnes \u00e2g\u00e9es en leur pr\u00e9servant la <strong>qualit\u00e9 de vie la meilleure possible,<\/strong><\/li>\r\n                      <li\r\n                        class=\"ql-indent-1\">Mettre en \u0153uvre un accompagnement global reposant sur l\u2019\u00e9laboration d\u2019un projet de soin personnalis\u00e9 en accord avec la personne et\/ou son entourage,<\/li>\r\n                        <li class=\"ql-indent-1\"><strong>Coordonner les diff\u00e9rentes actions des intervenants<\/strong> au domicile et assurer la continuit\u00e9 des soins les week-end et jours f\u00e9ri\u00e9s.<\/li>\r\n                    <\/ul>\r\n                    <p><span style=\"font-weight: 600;\">MISSIONS :<\/span><\/p>\r\n                    <ul>\r\n                      <li class=\"ql-indent-1\">Pr\u00e9venir ou retarder la perte d\u2019autonomie et l\u2019admission dans des \u00e9tablissements m\u00e9dico-sociaux<\/li>\r\n                      <li class=\"ql-indent-1\">Limiter les incapacit\u00e9s<\/li>\r\n                      <li class=\"ql-indent-1\">Eviter l\u2019hospitalisation lors de la phase aigu\u00eb d\u2019une affection pouvant \u00eatre trait\u00e9e \u00e0 domicile<\/li>\r\n                      <li class=\"ql-indent-1\">Faciliter le retour apr\u00e8s une hospitalisation<\/li>\r\n                      <li class=\"ql-indent-1\">Mettre en \u0153uvre un accompagnement global et coordonn\u00e9 des soins<\/li>\r\n                      <li class=\"ql-indent-1\">Lutter contre l\u2019isolement<\/li>\r\n                      <li class=\"ql-indent-1\">Soutenir et accompagner les aidants<\/li>\r\n                      <li class=\"ql-indent-1\">Accompagner la fin de vie \u00e0 domicile<\/li>\r\n                    <\/ul>\r\n                    <p><span style=\"font-weight: 600;\">LA PRISE EN CHARGE FINANCIERE&nbsp;:<\/span><\/p>\r\n                    <p><strong>SAD Soins<\/strong>&nbsp;: les b\u00e9n\u00e9ficiaires n\u2019ont <strong>pas \u00e0 faire l\u2019avance de frais<\/strong> li\u00e9s \u00e0 leur prise en charge en SSIAD.<\/p>\r\n                    <p><strong>SAD Aide :<\/strong> la partie AIDE ET ACCOMPAGNEMENT peut \u00eatre prise en charge par plusieurs dispositifs&nbsp;:<\/p>\r\n                    <ul>\r\n                      <li class=\"ql-indent-1\">Caisses de retraite principales (CARSAT, MGEN, CNRACL, \u2026)<\/li>\r\n                      <li class=\"ql-indent-1\">Caisses de retraites compl\u00e9mentaires (dispositif action sociale&nbsp;: ex AGIRC et ARRCO)<\/li>\r\n                      <li class=\"ql-indent-1\">Conseil D\u00e9partemental (APA&nbsp;: Aide Personnalis\u00e9e \u00e0 l\u2019Autonomie, PCH&nbsp;: Prestation de Compensation du Handicap))<\/li>\r\n                      <li class=\"ql-indent-1\">Mutuelles (dispositif Sortie d\u2019Hospitalisation).<\/li>\r\n                    <\/ul>\r\n                    <p>\r\n                      <br>\r\n                    <\/p>\r\n                  <\/div>\r\n                <\/div>\r\n              <\/div>\r\n            <\/div>\r\n          <\/div>\r\n        <\/div>\r\n      <\/div>\r\n    <\/div>\r\n  <\/div>\r\n<\/div>","protected":false},"excerpt":{"rendered":"<p>Vous demeurez \u00e0 : Dijon, Chen\u00f4ve, Plombi\u00e8re-l\u00e8s-Dijon, Fontaine-l\u00e8s-Dijon, Talant, Velars-sur-Ouche, Fleurey-sur-Ouche, Corcelles-les-Monts, Flavignerot, Lantenay Vous \u00eates&nbsp;: D\u00e9pendants ou malades \u00e2g\u00e9s de 60 ans et plus En situation de handicap \u00e2g\u00e9s de plus de 18 ans SAD&nbsp;: 89 Avenue du Lac \u2013 21000 DIJON Service Autonomie \u00e0&nbsp;D omicile (SAD) Nous vous proposons&nbsp;: Des soins infirmiers&nbsp;: techniques, [&hellip;]<\/p>\n","protected":false},"author":1,"featured_media":0,"parent":0,"menu_order":3,"comment_status":"closed","ping_status":"closed","template":"page-templates\/full-width-page.php","meta":{"footnotes":""},"class_list":["post-111","page","type-page","status-publish","hentry"],"_links":{"self":[{"href":"https:\/\/csi-dijon.fr\/index.php\/wp-json\/wp\/v2\/pages\/111","targetHints":{"allow":["GET"]}}],"collection":[{"href":"https:\/\/csi-dijon.fr\/index.php\/wp-json\/wp\/v2\/pages"}],"about":[{"href":"https:\/\/csi-dijon.fr\/index.php\/wp-json\/wp\/v2\/types\/page"}],"author":[{"embeddable":true,"href":"https:\/\/csi-dijon.fr\/index.php\/wp-json\/wp\/v2\/users\/1"}],"replies":[{"embeddable":true,"href":"https:\/\/csi-dijon.fr\/index.php\/wp-json\/wp\/v2\/comments?post=111"}],"version-history":[{"count":20,"href":"https:\/\/csi-dijon.fr\/index.php\/wp-json\/wp\/v2\/pages\/111\/revisions"}],"predecessor-version":[{"id":907,"href":"https:\/\/csi-dijon.fr\/index.php\/wp-json\/wp\/v2\/pages\/111\/revisions\/907"}],"wp:attachment":[{"href":"https:\/\/csi-dijon.fr\/index.php\/wp-json\/wp\/v2\/media?parent=111"}],"curies":[{"name":"wp","href":"https:\/\/api.w.org\/{rel}","templated":true}]}}