{"id":107,"date":"2020-10-06T10:21:57","date_gmt":"2020-10-06T08:21:57","guid":{"rendered":"http:\/\/csi-dijon.fr\/?page_id=107"},"modified":"2026-03-13T12:41:30","modified_gmt":"2026-03-13T11:41:30","slug":"soins-infirmiers","status":"publish","type":"page","link":"https:\/\/csi-dijon.fr\/index.php\/soins-infirmiers\/","title":{"rendered":"Centres de Sant\u00e9"},"content":{"rendered":"<div data-colibri-id=\"107-c1\" class=\"style-644 style-local-107-c1 position-relative\">\r\n  <!---->\r\n  <div data-colibri-component=\"section\" data-colibri-id=\"107-c2\" id=\"initial-content\" class=\"h-section h-section-global-spacing d-flex align-items-lg-center align-items-md-center align-items-center style-645 style-local-107-c2 position-relative\">\r\n    <!---->\r\n    <!---->\r\n    <div class=\"h-section-grid-container h-section-boxed-container\">\r\n      <!---->\r\n      <div data-colibri-id=\"107-c3\" class=\"h-row-container gutters-row-lg-0 gutters-row-md-0 gutters-row-0 gutters-row-v-lg-0 gutters-row-v-md-0 gutters-row-v-0 style-649 style-local-107-c3 position-relative\">\r\n        <!---->\r\n        <div class=\"h-row justify-content-lg-start justify-content-md-start justify-content-start align-items-lg-stretch align-items-md-stretch align-items-stretch gutters-col-lg-0 gutters-col-md-0 gutters-col-0 gutters-col-v-lg-0 gutters-col-v-md-0 gutters-col-v-0\">\r\n          <!---->\r\n          <div class=\"h-column h-column-container d-flex h-col-lg-auto h-col-md-auto h-col-auto style-650-outer style-local-107-c4-outer\">\r\n            <div data-colibri-id=\"107-c4\" class=\"d-flex h-flex-basis h-column__inner h-px-lg-0 h-px-md-0 h-px-0 v-inner-lg-0 v-inner-md-0 v-inner-0 style-650 style-local-107-c4 position-relative\">\r\n              <!---->\r\n              <!---->\r\n              <div class=\"w-100 h-y-container h-column__content h-column__v-align flex-basis-100 align-self-lg-start align-self-md-start align-self-start\">\r\n                <!---->\r\n                <div data-colibri-id=\"107-c5\" class=\"h-lead h-text h-text-component style-651 style-local-107-c5 position-relative h-element\">\r\n                  <!---->\r\n                  <!---->\r\n                  <div class=\"\">\r\n                    <p>Les infirmiers(\u00e8res) dispensent des soins sur prescription m\u00e9dicale<\/p>\r\n                    <p>7 jours sur 7 \u00e0 domicile ou aux permanences de soins.<\/p>\r\n                    <p>Permanences de soins du lundi au vendredi de 11h \u00e0 12h sans rendez-vous. En dehors de ces horaires, sur rendez-vous.<\/p>\r\n                  <\/div>\r\n                <\/div>\r\n              <\/div>\r\n            <\/div>\r\n          <\/div>\r\n        <\/div>\r\n      <\/div>\r\n      <div data-colibri-id=\"107-c6\" class=\"h-row-container gutters-row-lg-0 gutters-row-md-0 gutters-row-0 gutters-row-v-lg-0 gutters-row-v-md-0 gutters-row-v-0 style-664 style-local-107-c6 position-relative\">\r\n        <!---->\r\n        <div class=\"h-row justify-content-lg-start justify-content-md-start justify-content-start align-items-lg-stretch align-items-md-stretch align-items-stretch gutters-col-lg-0 gutters-col-md-0 gutters-col-0 gutters-col-v-lg-0 gutters-col-v-md-0 gutters-col-v-0\">\r\n          <!---->\r\n          <div class=\"h-column h-column-container d-flex h-col-lg-auto h-col-md-auto h-col-auto style-665-outer style-local-107-c7-outer\">\r\n            <div data-colibri-id=\"107-c7\" class=\"d-flex h-flex-basis h-column__inner h-px-lg-2 h-px-md-2 h-px-2 v-inner-lg-2 v-inner-md-2 v-inner-2 style-665 style-local-107-c7 position-relative\">\r\n              <!---->\r\n              <!---->\r\n              <div class=\"w-100 h-y-container h-column__content h-column__v-align flex-basis-100 align-self-lg-start align-self-md-start align-self-start\">\r\n                <!---->\r\n                <div data-colibri-id=\"107-c8\" class=\"h-text h-text-component style-666 style-local-107-c8 position-relative h-element\">\r\n                  <!---->\r\n                  <!---->\r\n                  <div class=\"\">\r\n                    <p><span style=\"font-size: 155%;\">1 Centre de Sant\u00e9 Polyvalent<br>1 Centre de Sant\u00e9 \u00e0 activit\u00e9s Infirmi\u00e8re<br>\u00e0 Dijon<\/span><\/p>\r\n                    <p><span style=\"font-size: 16px; color: rgb(255, 144, 0); font-family: Open Sans; font-weight: 400;\">Zones d&rsquo;intervention<\/span><span style=\"font-size: 16px; color: rgb(102, 102, 102); font-family: Open Sans; font-weight: 400;\"> <\/span>\r\n                      <span\r\n                        style=\"font-size: 16px; color: rgb(255, 144, 0); font-family: Open Sans; font-weight: 400;\">:<\/span><span style=\"color: rgb(41, 133, 231); font-family: Open Sans; font-size: 16px; font-weight: 400;\"><br>Dijon, Saint-Apollinaire, Fontaine-l\u00e8s-Dijon, Chen\u00f4ve, Talant, Longvic, Marsannay-la-C\u00f4te, Perrigny-les-Dijon<\/span>\r\n                        <span\r\n                          style=\"color: rgb(102, 102, 102); font-family: Open Sans; font-size: 16px; font-weight: 400;\">\r\n                          <br>\r\n                          <\/span>\r\n                    <\/p>\r\n                  <\/div>\r\n                <\/div>\r\n              <\/div>\r\n            <\/div>\r\n          <\/div>\r\n        <\/div>\r\n      <\/div>\r\n      <div data-colibri-id=\"107-c9\" class=\"h-row-container gutters-row-lg-0 gutters-row-md-0 gutters-row-0 gutters-row-v-lg-0 gutters-row-v-md-0 gutters-row-v-0 style-683 style-local-107-c9 position-relative\">\r\n        <!---->\r\n        <div class=\"h-row justify-content-lg-start justify-content-md-start justify-content-start align-items-lg-stretch align-items-md-stretch align-items-stretch gutters-col-lg-0 gutters-col-md-0 gutters-col-0 gutters-col-v-lg-0 gutters-col-v-md-0 gutters-col-v-0\">\r\n          <!---->\r\n          <div class=\"h-column h-column-container d-flex h-col-lg-auto h-col-md-auto h-col-auto style-684-outer style-local-107-c10-outer\">\r\n            <div data-colibri-id=\"107-c10\" class=\"d-flex h-flex-basis h-column__inner h-px-lg-0 h-px-md-0 h-px-0 v-inner-lg-0 v-inner-md-0 v-inner-0 style-684 style-local-107-c10 position-relative\">\r\n              <!---->\r\n              <!---->\r\n              <div class=\"w-100 h-y-container h-column__content h-column__v-align flex-basis-100 align-self-lg-start align-self-md-start align-self-start\">\r\n                <!---->\r\n                <div data-colibri-id=\"107-c11\" class=\"h-text h-text-component style-678 style-local-107-c11 position-relative h-element\">\r\n                  <!---->\r\n                  <!---->\r\n                  <div class=\"\">\r\n                    <p>Centre de Sant\u00e9 \u00e0 activit\u00e9 infirmi\u00e8re -Nord<\/p>\r\n                  <\/div>\r\n                <\/div>\r\n              <\/div>\r\n            <\/div>\r\n          <\/div>\r\n        <\/div>\r\n      <\/div>\r\n      <div data-colibri-id=\"107-c12\" class=\"h-row-container gutters-row-lg-0 gutters-row-md-0 gutters-row-0 gutters-row-v-lg-0 gutters-row-v-md-0 gutters-row-v-0 style-679 style-local-107-c12 position-relative\">\r\n        <!---->\r\n        <div class=\"h-row justify-content-lg-center justify-content-md-center justify-content-center align-items-lg-stretch align-items-md-stretch align-items-stretch gutters-col-lg-0 gutters-col-md-0 gutters-col-0 gutters-col-v-lg-0 gutters-col-v-md-0 gutters-col-v-0\">\r\n          <!---->\r\n          <div class=\"h-column h-column-container d-flex h-col-lg-auto h-col-md-auto h-col-auto style-680-outer style-local-107-c13-outer\">\r\n            <div data-colibri-id=\"107-c13\" class=\"d-flex h-flex-basis h-column__inner h-px-lg-0 h-px-md-0 h-px-0 v-inner-lg-0 v-inner-md-0 v-inner-0 style-680 style-local-107-c13 position-relative\">\r\n              <!---->\r\n              <!---->\r\n              <div class=\"w-100 h-y-container h-column__content h-column__v-align flex-basis-100 align-self-lg-start align-self-md-start align-self-start\">\r\n                <!---->\r\n                <div data-colibri-id=\"107-c14\" class=\"icon-list d-flex justify-content-lg-start justify-content-md-start justify-content-start style-682 style-local-107-c14 position-relative h-element\">\r\n                  <!---->\r\n                  <ul class=\"ul-list-icon vertical-on-desktop vertical-on-tablet vertical-on-mobile justify-content-lg-start justify-content-md-start justify-content-start\">\r\n                    <!---->\r\n                    <li class=\"list-item no-gutters\">\r\n                      <!---->\r\n                      <div class=\"list-container-divider d-flex justify-content-lg-start justify-content-md-start justify-content-start first-el-spacer\"><\/div> <span class=\"item-link no-gutters\"><div class=\"d-flex h-col no-gutters align-items-lg-start align-items-md-start align-items-start list-item-text-wrapper\"><div class=\"d-flex\"><span  class=\"h-svg-icon style-682-icon style-local-107-c14-icon\"><!--Icon by Font Awesome (https:\/\/fontawesome.com)-->\r\n    <svg version=\"1.1\" xmlns=\"http:\/\/www.w3.org\/2000\/svg\" xmlns:xlink=\"http:\/\/www.w3.org\/1999\/xlink\" id=\"map-marker\" viewBox=\"0 0 1049.8953 1896.0833\">\r\n      <path d=\"M768 640q0-106-75-181t-181-75-181 75-75 181 75 181 181 75 181-75 75-181zm256 0q0 109-33 179l-364 774q-16 33-47.5 52t-67.5 19-67.5-19-46.5-52L33 819Q0 749 0 640q0-212 150-362t362-150 362 150 150 362z\"><\/path>\r\n    <\/svg><\/span><\/div> <span class=\"list-text d-block\"><span>17bis avenue Champollion<br>21000 DIJON<\/span><\/span>\r\n              <\/div>\r\n              <\/span>\r\n              <div class=\"list-container-divider d-flex justify-content-lg-start justify-content-md-start justify-content-start\">\r\n                <!---->\r\n              <\/div>\r\n              <\/li>\r\n              <li class=\"list-item no-gutters\">\r\n                <!---->\r\n                <!----><span class=\"item-link no-gutters\"><div class=\"d-flex h-col no-gutters align-items-lg-start align-items-md-start align-items-start list-item-text-wrapper\"><div class=\"d-flex\"><span  class=\"h-svg-icon style-682-icon style-local-107-c14-icon\"><!--Icon by Font Awesome (https:\/\/fontawesome.com)-->\r\n    <svg version=\"1.1\" xmlns=\"http:\/\/www.w3.org\/2000\/svg\" xmlns:xlink=\"http:\/\/www.w3.org\/1999\/xlink\" id=\"bus\" viewBox=\"0 0 1536 1896.0833\">\r\n      <path d=\"M384 1216q0-53-37.5-90.5T256 1088t-90.5 37.5T128 1216t37.5 90.5T256 1344t90.5-37.5T384 1216zm1024 0q0-53-37.5-90.5T1280 1088t-90.5 37.5-37.5 90.5 37.5 90.5 90.5 37.5 90.5-37.5 37.5-90.5zm-46-396l-72-384q-5-23-22.5-37.5T1227 384H309q-23 0-40.5 14.5T246 436l-72 384q-5 30 14 53t49 23h1062q30 0 49-23t14-53zm-226-612q0-20-14-34t-34-14H448q-20 0-34 14t-14 34 14 34 34 14h640q20 0 34-14t14-34zm400 725v603h-128v128q0 53-37.5 90.5T1280 1792t-90.5-37.5-37.5-90.5v-128H384v128q0 53-37.5 90.5T256 1792t-90.5-37.5T128 1664v-128H0V933q0-112 25-223l103-454q9-78 97.5-137t230-89T768 0t312.5 30 230 89 97.5 137l105 454q23 102 23 223z\"><\/path>\r\n    <\/svg><\/span><\/div> <span class=\"list-text d-block\"><span>DIVIA : LIGNE 3 \/ COROL : EPIREY CAP NORD<\/span><\/span>\r\n          <\/div>\r\n          <\/span>\r\n          <div class=\"list-container-divider d-flex justify-content-lg-start justify-content-md-start justify-content-start\">\r\n            <!---->\r\n          <\/div>\r\n          <\/li>\r\n          <li class=\"list-item no-gutters\">\r\n            <!---->\r\n            <!----><span class=\"item-link no-gutters\"><div class=\"d-flex h-col no-gutters align-items-lg-start align-items-md-start align-items-start list-item-text-wrapper\"><div class=\"d-flex\"><span  class=\"h-svg-icon style-682-icon style-local-107-c14-icon\"><!--Icon by Ionicons (https:\/\/ionicons.com)--><svg version=\"1.1\" xmlns=\"http:\/\/www.w3.org\/2000\/svg\" xmlns:xlink=\"http:\/\/www.w3.org\/1999\/xlink\" id=\"ios-stopwatch\" viewBox=\"0 0 384 512\"><path d=\"M334 147c32 35 50 80 50 128 0 104-86 189-192 189S0 379 0 275c0-48 18-94 51-129l1-1H34l-8 8-23-23 41-40 23 22-9 9v18c31-30 72-50 116-53h2V48h32v38c43 4 82 21 113 49l5 5v-19l-9-9 23-22 41 40-22 23-9-8h-18zM200 318c14-4 24-15 24-30 0-14-10-27-24-31V128h-16v129c-12 4-24 17-24 31 0 15 10 26 24 30l8 18z\"><\/path><\/svg><\/span><\/div>\r\n        <span class=\"list-text d-block\"><span>Ouverture des bureaux&nbsp;: 11h \u00e0 12h du lundi au vendredi<\/span><\/span>\r\n      <\/div>\r\n      <\/span>\r\n      <div class=\"list-container-divider d-flex justify-content-lg-start justify-content-md-start justify-content-start\" style=\"display: none;\">\r\n        <!---->\r\n      <\/div>\r\n      <div class=\"list-container-divider d-flex justify-content-lg-start justify-content-md-start justify-content-start last-el-spacer\"><\/div>\r\n      <\/li>\r\n      <\/ul>\r\n    <\/div>\r\n    <div data-colibri-id=\"107-c15\" class=\"h-text h-text-component style-685 style-local-107-c15 position-relative h-element\">\r\n      <!---->\r\n      <!---->\r\n      <div class=\"\">\r\n        <p>Centre de Sant\u00e9 Polyvalent &#8211; Sud<\/p>\r\n      <\/div>\r\n    <\/div>\r\n    <div data-colibri-id=\"107-c16\" class=\"icon-list d-flex justify-content-lg-start justify-content-md-start justify-content-start style-704 style-local-107-c16 position-relative h-element\">\r\n      <!---->\r\n      <ul class=\"ul-list-icon vertical-on-desktop vertical-on-tablet vertical-on-mobile justify-content-lg-start justify-content-md-start justify-content-start\">\r\n        <!---->\r\n        <li class=\"list-item no-gutters\">\r\n          <!---->\r\n          <div class=\"list-container-divider d-flex justify-content-lg-start justify-content-md-start justify-content-start first-el-spacer\"><\/div> <span class=\"item-link no-gutters\"><div class=\"d-flex h-col no-gutters align-items-lg-start align-items-md-start align-items-start list-item-text-wrapper\"><div class=\"d-flex\"><span  class=\"h-svg-icon style-704-icon style-local-107-c16-icon\"><!--Icon by Font Awesome (https:\/\/fontawesome.com)-->\r\n    <svg version=\"1.1\" xmlns=\"http:\/\/www.w3.org\/2000\/svg\" xmlns:xlink=\"http:\/\/www.w3.org\/1999\/xlink\" id=\"map-marker\" viewBox=\"0 0 1049.8953 1896.0833\">\r\n      <path d=\"M768 640q0-106-75-181t-181-75-181 75-75 181 75 181 181 75 181-75 75-181zm256 0q0 109-33 179l-364 774q-16 33-47.5 52t-67.5 19-67.5-19-46.5-52L33 819Q0 749 0 640q0-212 150-362t362-150 362 150 150 362z\"><\/path>\r\n    <\/svg><\/span><\/div> <span class=\"list-text d-block\"><span>8 place de la Fontaine d&rsquo;Ouche<br>21000 DIJON<\/span><\/span>\r\n  <\/div>\r\n  <\/span>\r\n  <div class=\"list-container-divider d-flex justify-content-lg-start justify-content-md-start justify-content-start\">\r\n    <!---->\r\n  <\/div>\r\n  <\/li>\r\n  <li class=\"list-item no-gutters\">\r\n    <!---->\r\n    <!----><span class=\"item-link no-gutters\"><div class=\"d-flex h-col no-gutters align-items-lg-start align-items-md-start align-items-start list-item-text-wrapper\"><div class=\"d-flex\"><span  class=\"h-svg-icon style-704-icon style-local-107-c16-icon\"><!--Icon by Font Awesome (https:\/\/fontawesome.com)-->\r\n    <svg version=\"1.1\" xmlns=\"http:\/\/www.w3.org\/2000\/svg\" xmlns:xlink=\"http:\/\/www.w3.org\/1999\/xlink\" id=\"bus\" viewBox=\"0 0 1536 1896.0833\">\r\n      <path d=\"M384 1216q0-53-37.5-90.5T256 1088t-90.5 37.5T128 1216t37.5 90.5T256 1344t90.5-37.5T384 1216zm1024 0q0-53-37.5-90.5T1280 1088t-90.5 37.5-37.5 90.5 37.5 90.5 90.5 37.5 90.5-37.5 37.5-90.5zm-46-396l-72-384q-5-23-22.5-37.5T1227 384H309q-23 0-40.5 14.5T246 436l-72 384q-5 30 14 53t49 23h1062q30 0 49-23t14-53zm-226-612q0-20-14-34t-34-14H448q-20 0-34 14t-14 34 14 34 34 14h640q20 0 34-14t14-34zm400 725v603h-128v128q0 53-37.5 90.5T1280 1792t-90.5-37.5-37.5-90.5v-128H384v128q0 53-37.5 90.5T256 1792t-90.5-37.5T128 1664v-128H0V933q0-112 25-223l103-454q9-78 97.5-137t230-89T768 0t312.5 30 230 89 97.5 137l105 454q23 102 23 223z\"><\/path>\r\n    <\/svg><\/span><\/div> <span class=\"list-text d-block\"><span> BUS DIVIA : LIGNE 3 \/ COROL : EPIREY CAP NORD<\/span><\/span>\r\n<\/div>\r\n<\/span>\r\n<div class=\"list-container-divider d-flex justify-content-lg-start justify-content-md-start justify-content-start\">\r\n  <!---->\r\n<\/div>\r\n<\/li>\r\n<li class=\"list-item no-gutters\">\r\n  <!---->\r\n  <!----><span class=\"item-link no-gutters\"><div class=\"d-flex h-col no-gutters align-items-lg-start align-items-md-start align-items-start list-item-text-wrapper\"><div class=\"d-flex\"><span  class=\"h-svg-icon style-704-icon style-local-107-c16-icon\"><!--Icon by Ionicons (https:\/\/ionicons.com)--><svg version=\"1.1\" xmlns=\"http:\/\/www.w3.org\/2000\/svg\" xmlns:xlink=\"http:\/\/www.w3.org\/1999\/xlink\" id=\"ios-stopwatch\" viewBox=\"0 0 384 512\"><path d=\"M334 147c32 35 50 80 50 128 0 104-86 189-192 189S0 379 0 275c0-48 18-94 51-129l1-1H34l-8 8-23-23 41-40 23 22-9 9v18c31-30 72-50 116-53h2V48h32v38c43 4 82 21 113 49l5 5v-19l-9-9 23-22 41 40-22 23-9-8h-18zM200 318c14-4 24-15 24-30 0-14-10-27-24-31V128h-16v129c-12 4-24 17-24 31 0 15 10 26 24 30l8 18z\"><\/path><\/svg><\/span><\/div>\r\n  <span class=\"list-text d-block\"><span>Ouverture des bureaux&nbsp;:&nbsp; &nbsp;8h30 \u00e0 12h30 et 14h30 \u00e0 18h du lundi au vendredi<\/span><\/span>\r\n  <\/div>\r\n  <\/span>\r\n  <div class=\"list-container-divider d-flex justify-content-lg-start justify-content-md-start justify-content-start\" style=\"display: none;\">\r\n    <!---->\r\n  <\/div>\r\n  <div class=\"list-container-divider d-flex justify-content-lg-start justify-content-md-start justify-content-start last-el-spacer\"><\/div>\r\n<\/li>\r\n<\/ul>\r\n<\/div>\r\n<div data-colibri-id=\"107-c17\" class=\"h-text h-text-component style-687 style-local-107-c17 position-relative h-element\">\r\n  <!---->\r\n  <!---->\r\n  <div class=\"\">\r\n    <p>Les Centres de Sant\u00e9 assurent la mise en \u0153uvre des traitements, le suivi du parcours de soins de la personne garantissant une prise en charge globale et coordonn\u00e9e.<\/p>\r\n    <p><strong>Public concern\u00e9 :<\/strong><\/p>\r\n    <p class=\"ql-indent-1\">Toute personne, quel que soit son \u00e2ge et le r\u00e9gime d\u2019assurance maladie dont elle d\u00e9pend.<\/p>\r\n    <p><strong>Soins prodigu\u00e9s :<\/strong><\/p>\r\n    <ul>\r\n      <li class=\"ql-indent-1\"><span style=\"color: rgb(247, 144, 7); font-weight: 600;\">Consultations m\u00e9dicales au Centre de Sant\u00e9 Polyvalent<\/span><span style=\"font-weight: 600; color: rgb(247, 144, 7);\"> <\/span>(8 place de la Fontaine d&rsquo;Ouche)<\/li>\r\n      <li class=\"ql-indent-1\">Injections&nbsp;et pr\u00e9l\u00e8vement : intraveineuse, intramusculaire, sous-cutan\u00e9e, vaccination, prise de sang<\/li>\r\n      <li class=\"ql-indent-1\">Pansements&nbsp;: simple, complexe, post chirurgical, ulc\u00e8re, escarre, br\u00fblure, retrait des agrafes, ablation de fils<\/li>\r\n      <li class=\"ql-indent-1\">Soins d\u2019hygi\u00e8ne et de confort&nbsp;: aide \u00e0 la toilette, toilette, pr\u00e9paration et surveillance des traitements<\/li>\r\n      <li class=\"ql-indent-1\">Perfusion&nbsp;: voie p\u00e9riph\u00e9rique, cath\u00e9ters veineux centraux, chambre implantable<\/li>\r\n      <li class=\"ql-indent-1\">Dialyse p\u00e9riton\u00e9ale<\/li>\r\n      <li class=\"ql-indent-1\">Nutrition ent\u00e9rale<\/li>\r\n      <li class=\"ql-indent-1\">Suivi des maladies chroniques (diab\u00e8te\u2026)<\/li>\r\n      <li class=\"ql-indent-1\">Soins palliatifs<\/li>\r\n      <li class=\"ql-indent-1\">Surveillance clinique<\/li>\r\n      <li class=\"ql-indent-1\">S\u00e9curisation au retour d\u2019hospitalisation &#8211; pr\u00e9vention<\/li>\r\n    <\/ul>\r\n    <p><strong>Modalit\u00e9s de prise en soins :<\/strong><\/p>\r\n    <p>Les Centres de Sant\u00e9 respectent les tarifs r\u00e9glementaires et pratiquent le <strong style=\"font-weight: 400;\"><u>tiers payant<\/u><\/strong><strong>.<\/strong><\/p>\r\n    <p>Des documents sont \u00e0 fournir lors d\u2019une intervention&nbsp;:<\/p>\r\n    <ul>\r\n      <li class=\"ql-indent-1\">Pour les soins infirmiers : ordonnance du m\u00e9decin<\/li>\r\n      <li class=\"ql-indent-1\">Carte Vitale ou attestation de droits de la caisse d\u2019assurance maladie y compris CMU et AME<\/li>\r\n      <li class=\"ql-indent-1\">Carte mutuelle ou assurance compl\u00e9mentaire<\/li>\r\n    <\/ul>\r\n    <p><em style=\"font-weight: 300;\">(Ces documents doivent \u00eatre en cours de validit\u00e9)<\/em><\/p>\r\n  <\/div>\r\n<\/div>\r\n<\/div>\r\n<\/div>\r\n<\/div>\r\n<\/div>\r\n<\/div>\r\n<\/div>\r\n<\/div>\r\n<\/div>","protected":false},"excerpt":{"rendered":"<p>Les infirmiers(\u00e8res) dispensent des soins sur prescription m\u00e9dicale 7 jours sur 7 \u00e0 domicile ou aux permanences de soins. Permanences de soins du lundi au vendredi de 11h \u00e0 12h sans rendez-vous. En dehors de ces horaires, sur rendez-vous. 1 Centre de Sant\u00e9 Polyvalent1 Centre de Sant\u00e9 \u00e0 activit\u00e9s Infirmi\u00e8re\u00e0 Dijon Zones d&rsquo;intervention :Dijon, Saint-Apollinaire, [&hellip;]<\/p>\n","protected":false},"author":1,"featured_media":0,"parent":0,"menu_order":2,"comment_status":"closed","ping_status":"closed","template":"page-templates\/full-width-page.php","meta":{"footnotes":""},"class_list":["post-107","page","type-page","status-publish","hentry"],"_links":{"self":[{"href":"https:\/\/csi-dijon.fr\/index.php\/wp-json\/wp\/v2\/pages\/107","targetHints":{"allow":["GET"]}}],"collection":[{"href":"https:\/\/csi-dijon.fr\/index.php\/wp-json\/wp\/v2\/pages"}],"about":[{"href":"https:\/\/csi-dijon.fr\/index.php\/wp-json\/wp\/v2\/types\/page"}],"author":[{"embeddable":true,"href":"https:\/\/csi-dijon.fr\/index.php\/wp-json\/wp\/v2\/users\/1"}],"replies":[{"embeddable":true,"href":"https:\/\/csi-dijon.fr\/index.php\/wp-json\/wp\/v2\/comments?post=107"}],"version-history":[{"count":15,"href":"https:\/\/csi-dijon.fr\/index.php\/wp-json\/wp\/v2\/pages\/107\/revisions"}],"predecessor-version":[{"id":956,"href":"https:\/\/csi-dijon.fr\/index.php\/wp-json\/wp\/v2\/pages\/107\/revisions\/956"}],"wp:attachment":[{"href":"https:\/\/csi-dijon.fr\/index.php\/wp-json\/wp\/v2\/media?parent=107"}],"curies":[{"name":"wp","href":"https:\/\/api.w.org\/{rel}","templated":true}]}}